{"id":4880,"date":"2020-08-25T22:55:31","date_gmt":"2020-08-25T20:55:31","guid":{"rendered":"https:\/\/www.chateaudetrelon.com\/?page_id=4880"},"modified":"2021-07-31T18:40:50","modified_gmt":"2021-07-31T16:40:50","slug":"videos","status":"publish","type":"page","link":"https:\/\/www.chateaudetrelon.com\/en\/videos\/","title":{"rendered":"Videos"},"content":{"rendered":"<h3>Fashion Week at the Ch\u00e2teau de Tr\u00e9lon<\/h3>\n<p>Added July 31st, 2021<\/p>\n<p><span class=\"embed-youtube\" style=\"text-align:center; display: block;\"><iframe loading=\"lazy\" class=\"youtube-player\" width=\"640\" height=\"360\" src=\"https:\/\/www.youtube.com\/embed\/eVHNHQkBNZg?version=3&#038;rel=1&#038;showsearch=0&#038;showinfo=1&#038;iv_load_policy=1&#038;fs=1&#038;hl=en-US&#038;autohide=2&#038;wmode=transparent\" allowfullscreen=\"true\" style=\"border:0;\" sandbox=\"allow-scripts allow-same-origin allow-popups allow-presentation allow-popups-to-escape-sandbox\"><\/iframe><\/span><\/p>\n<hr \/>\n<h3 class=\"title style-scope ytd-video-primary-info-renderer\">Monseigneur de Merode - Pope Pius IX's secret chamberlain<\/h3>\n<p>Added May 15, 2020<\/p>\n<p><span class=\"embed-youtube\" style=\"text-align:center; display: block;\"><iframe loading=\"lazy\" class=\"youtube-player\" width=\"640\" height=\"360\" src=\"https:\/\/www.youtube.com\/embed\/89aA745qtOM?version=3&#038;rel=1&#038;showsearch=0&#038;showinfo=1&#038;iv_load_policy=1&#038;fs=1&#038;hl=en-US&#038;autohide=2&#038;wmode=transparent\" allowfullscreen=\"true\" style=\"border:0;\" sandbox=\"allow-scripts allow-same-origin allow-popups allow-presentation allow-popups-to-escape-sandbox\"><\/iframe><\/span><\/p>\n<hr \/>\n<h3>The revelation of the Cro\u00ff Albums - A treasure beneath our feet !<\/h3>\n<p>Added March 18, 2020<\/p>\n<p><span class=\"embed-youtube\" style=\"text-align:center; display: block;\"><iframe loading=\"lazy\" class=\"youtube-player\" width=\"640\" height=\"360\" src=\"https:\/\/www.youtube.com\/embed\/fEbWM4fMuHo?version=3&#038;rel=1&#038;showsearch=0&#038;showinfo=1&#038;iv_load_policy=1&#038;fs=1&#038;hl=en-US&#038;autohide=2&#038;wmode=transparent\" allowfullscreen=\"true\" style=\"border:0;\" sandbox=\"allow-scripts allow-same-origin allow-popups allow-presentation allow-popups-to-escape-sandbox\"><\/iframe><\/span><\/p>\n<hr \/>\n<h3 class=\"title style-scope ytd-video-primary-info-renderer\">A drone over the Ch\u00e2teau de Tr\u00e9lon !<\/h3>\n<p>Added March 18, 2020<\/p>\n<p><span class=\"embed-youtube\" style=\"text-align:center; display: block;\"><iframe loading=\"lazy\" class=\"youtube-player\" width=\"640\" height=\"360\" src=\"https:\/\/www.youtube.com\/embed\/KNMSz7TeqVs?version=3&#038;rel=1&#038;showsearch=0&#038;showinfo=1&#038;iv_load_policy=1&#038;fs=1&#038;hl=en-US&#038;autohide=2&#038;wmode=transparent\" allowfullscreen=\"true\" style=\"border:0;\" sandbox=\"allow-scripts allow-same-origin allow-popups allow-presentation allow-popups-to-escape-sandbox\"><\/iframe><\/span><\/p>\n<p>&nbsp;<\/p>\n<p>&nbsp;<\/p>\n<p>&nbsp;<\/p>\n<div id=\"info\" class=\"style-scope ytd-video-primary-info-renderer\"><\/div>\n<div><\/div>\n","protected":false},"excerpt":{"rendered":"<p>Fashion Week at the Ch\u00e2teau de Tr\u00e9lon Added July 31st, 2021 Monseigneur de Merode - Pope Pius IX's secret chamberlain Added May 15, 2020 The revelation of the Cro\u00ff Albums - A treasure beneath our feet ! Added March 18, 2020 A drone over the Ch\u00e2teau de Tr\u00e9lon ! Added March 18, 2020 &nbsp; &nbsp; [&hellip;]<\/p>\n","protected":false},"author":1,"featured_media":0,"parent":0,"menu_order":0,"comment_status":"closed","ping_status":"closed","template":"","meta":{"jetpack_post_was_ever_published":false,"footnotes":""},"class_list":["post-4880","page","type-page","status-publish","hentry"],"jetpack_sharing_enabled":true,"jetpack_shortlink":"https:\/\/wp.me\/PcVUoD-1gI","jetpack_likes_enabled":true,"_links":{"self":[{"href":"https:\/\/www.chateaudetrelon.com\/en\/wp-json\/wp\/v2\/pages\/4880","targetHints":{"allow":["GET"]}}],"collection":[{"href":"https:\/\/www.chateaudetrelon.com\/en\/wp-json\/wp\/v2\/pages"}],"about":[{"href":"https:\/\/www.chateaudetrelon.com\/en\/wp-json\/wp\/v2\/types\/page"}],"author":[{"embeddable":true,"href":"https:\/\/www.chateaudetrelon.com\/en\/wp-json\/wp\/v2\/users\/1"}],"replies":[{"embeddable":true,"href":"https:\/\/www.chateaudetrelon.com\/en\/wp-json\/wp\/v2\/comments?post=4880"}],"version-history":[{"count":3,"href":"https:\/\/www.chateaudetrelon.com\/en\/wp-json\/wp\/v2\/pages\/4880\/revisions"}],"predecessor-version":[{"id":5326,"href":"https:\/\/www.chateaudetrelon.com\/en\/wp-json\/wp\/v2\/pages\/4880\/revisions\/5326"}],"wp:attachment":[{"href":"https:\/\/www.chateaudetrelon.com\/en\/wp-json\/wp\/v2\/media?parent=4880"}],"curies":[{"name":"wp","href":"https:\/\/api.w.org\/{rel}","templated":true}]}}